{"id":5361,"date":"2024-01-26T09:22:18","date_gmt":"2024-01-26T09:22:18","guid":{"rendered":"http:\/\/web-nervion.grupoamper.com\/?page_id=5361"},"modified":"2025-04-25T12:57:57","modified_gmt":"2025-04-25T10:57:57","slug":"aviso-legal","status":"publish","type":"page","link":"https:\/\/www.nervionindustries.com\/en\/aviso-legal\/","title":{"rendered":"Legal advice"},"content":{"rendered":"\t\t<div data-elementor-type=\"wp-page\" data-elementor-id=\"5361\" class=\"elementor elementor-5361\" data-elementor-post-type=\"page\">\n\t\t\t\t<div class=\"elementor-element elementor-element-46eff9a e-con-full e-flex e-con e-parent\" data-id=\"46eff9a\" data-element_type=\"container\" data-e-type=\"container\" data-settings=\"{&quot;background_background&quot;:&quot;classic&quot;,&quot;sticky&quot;:&quot;top&quot;,&quot;sticky_offset&quot;:71,&quot;position&quot;:&quot;absolute&quot;,&quot;sticky_on&quot;:[&quot;widescreen&quot;,&quot;desktop&quot;,&quot;laptop&quot;,&quot;tablet_extra&quot;,&quot;tablet&quot;,&quot;mobile_extra&quot;,&quot;mobile&quot;],&quot;sticky_effects_offset&quot;:0,&quot;sticky_anchor_link_offset&quot;:0}\">\n\t\t\t\t<\/div>\n\t\t<div class=\"elementor-element elementor-element-426d170 e-flex e-con-boxed e-con e-parent\" data-id=\"426d170\" data-element_type=\"container\" data-e-type=\"container\">\n\t\t\t\t\t<div class=\"e-con-inner\">\n\t\t\t\t<div class=\"elementor-element elementor-element-81967de elementor-widget elementor-widget-text-editor\" data-id=\"81967de\" data-element_type=\"widget\" data-e-type=\"widget\" data-widget_type=\"text-editor.default\">\n\t\t\t\t<div class=\"elementor-widget-container\">\n\t\t\t\t\t\t\t\t\t<p>El presente Aviso Legal regula el uso del sitio Web www.nervionindustries.com (en adelante, el \u00abSitio Web\u00bb) que la sociedad NERVI\u00d3N INDUSTRIES, ENGINEERING AND SERVICES, S.L (en adelante \u201cNERVION\u201d) pone a la disposici\u00f3n de cualquier usuario del mismo (en adelante, el \u00abUsuario\u00bb).<br \/>A trav\u00e9s del Sitio Web, los Usuarios pueden acceder a la informaci\u00f3n de las distintas \u00e1reas de negocio, los servicios y productos comercializados por NERVION, as\u00ed como los eventos y novedades de la corporaci\u00f3n (en adelante, los \u00abContenidos\u00bb).<\/p><h2><strong>1. Usuarios y Datos Informativos<\/strong><\/h2><p>El acceso a y\/o uso del Sitio Web atribuye a quien lo realiza la condici\u00f3n de Usuario, aceptando, desde ese mismo momento, plenamente y sin reserva alguna, las presentes condiciones generales.<\/p><p>NERVION tiene su domicilio social en la c\/ Ib\u00e1\u00f1ez de Bilbao kalea, 28 \u2013 48009 Bilbao, Vizcaya y CIF B-48977995. La Sociedad est\u00e1 inscrita en el Registro Mercantil de Vizcaya el 17 de agosto de 1998, al Tomo: 3680, Folio 19, Secci\u00f3n 8, Hoja BI-22421, Inscripci\u00f3n 1.<\/p><p>Los Usuarios pueden contactar con NERVION a trav\u00e9s de la direcci\u00f3n de correo electr\u00f3nico secretaria@nervionindustries.com.<\/p><h2><strong>2. Uso del Sitio Web, sus servicios y Contenidos<\/strong><\/h2><p>El Usuario se compromete a utilizar el Sitio Web y los Contenidos de conformidad con la ley y las presentes Condiciones Generales (y las posteriores modificaciones a las mismas) as\u00ed como con las buenas costumbres de Internet generalmente aceptadas y el orden p\u00fablico.<\/p><p>NERVION podr\u00e1 establecer limitaciones y\/o condiciones adicionales para el uso y\/o acceso al Sitio Web y\/o a los Contenidos, las cuales deber\u00e1n ser observadas por los Usuarios en todo caso.<\/p><p>Asimismo, el Usuario se compromete a abstenerse de:<\/p><ul><li>Utilizar los Contenidos con fines il\u00edcitos, prohibidos, lesivos de los derechos e intereses de terceros, o que de cualquier forma puedan da\u00f1ar, inutilizar, sobrecargar, deteriorar o impedir la normal utilizaci\u00f3n del Sitio Web, los equipos inform\u00e1ticos o los documentos, archivos y toda clase de contenidos almacenados en cualquier equipo inform\u00e1tico propiedad de NERVION o de terceros.<\/li><li>Reproducir, copiar, distribuir, poner a disposici\u00f3n o de cualquier otra forma comunicar (incluyendo a trav\u00e9s de correo electr\u00f3nico), transformar o modificar los Contenidos, a menos que se cuente con la autorizaci\u00f3n expresa del titular de los correspondientes derechos o ello resulte legalmente permitido.<\/li><li>Vulnerar los derechos de NERVION o de los leg\u00edtimos titulares de los Contenidos.<\/li><li>Utilizar los Contenidos para fines comerciales o publicitarios, distintos de los expresamente permitidos.<\/li><\/ul><h2><strong>3. Propiedad intelectual e industrial<\/strong><\/h2><p>Toda la informaci\u00f3n contenida en el Sitio Web, incluyendo cualquier tipo de contenidos, textos, im\u00e1genes, dise\u00f1os gr\u00e1ficos o c\u00f3digos en lenguaje HTML, JAVA, JavaScript o ActiveX, entre otros, es propiedad intelectual cuya titularidad corresponde a NERVION y\/o a terceros.<\/p><p>Dicha propiedad intelectual e industrial se encuentra protegida por la legislaci\u00f3n nacional e internacional sobre propiedad intelectual e industrial. El Usuario deber\u00e1 respetar en todo momento todos los derechos de propiedad intelectual e industrial sobre el Sitio Web, titularidad de NERVION o de terceros.<\/p><p>Mediante estas Condiciones Generales no se cede ning\u00fan derecho de propiedad intelectual o industrial sobre el Sitio Web ni sobre los Contenidos, marcas, nombres comerciales y\/o signos distintivos que aparecen en el Sitio Web, quedando expresamente prohibidos al Usuario la reproducci\u00f3n, transformaci\u00f3n, distribuci\u00f3n, comunicaci\u00f3n p\u00fablica, puesta a disposici\u00f3n, extracci\u00f3n, reutilizaci\u00f3n, reenv\u00edo o la utilizaci\u00f3n de cualquier naturaleza, por cualquier medio o procedimiento, de cualquiera de ellos, salvo en los casos en que est\u00e9 legalmente permitido o sea autorizado por el titular de los correspondientes derechos.<\/p><p>El uso no autorizado de los Contenidos, marcas, nombres comerciales y\/o signos distintivos contenidos en el Sitio Web puede suponer la violaci\u00f3n de la legislaci\u00f3n sobre propiedad intelectual o industrial y de otras leyes aplicables. Cualquier infracci\u00f3n de estos derechos puede dar lugar a aquellos procedimientos extrajudiciales o judiciales civiles o penales que correspondan.<\/p><p>A los efectos de preservar los posibles derechos de propiedad intelectual e industrial, en el caso de que cualquier Usuario o un tercero consideren que se ha producido una violaci\u00f3n de dichos derechos, deber\u00e1 notificar dicha circunstancia, por escrito, a NERVION, en sus oficinas centrales sito en la en la c\/Iba\u00f1ez de Bilbao kalea, 28 \u2013 48009 Bilbao, Vizcaya o dirigiendo un email a la direcci\u00f3n de correo secretaria@nervionindustries.com<\/p><h2><strong>4. Modificaciones<\/strong><\/h2><p>NERVION puede ocasionalmente actualizar y\/o modificar las presentes Condiciones Generales a su sola discreci\u00f3n, a los efectos de cumplir con la legislaci\u00f3n en vigor o la que se promulgue en el futuro.<\/p><p>El Usuario acepta que las modificaciones o cambios que se realicen tendr\u00e1n car\u00e1cter obligatorio y entrar\u00e1n en vigor desde la fecha de publicaci\u00f3n de las Condiciones Generales modificadas. El Usuario acepta que el uso continuado que haga del Sitio Web con posterioridad a la fecha de entrada en vigor de las Condiciones Generales indicar\u00e1 su conformidad con dichas modificaciones.<\/p><p>NERVION se reserva el derecho de modificar en cualquier momento la presentaci\u00f3n, configuraci\u00f3n y localizaci\u00f3n del Sitio Web, as\u00ed como los Contenidos y las condiciones requeridas para utilizar los mismos.<\/p><p>Usted se compromete a revisar siempre la versi\u00f3n m\u00e1s reciente de las Condiciones Generales disponible en el Sitio Web www.nervionindustries.com<\/p><h2><strong>5. Exclusi\u00f3n de Garant\u00edas y responsabilidad<\/strong><\/h2><p>NERVION no otorga ninguna garant\u00eda ni se hace responsable, en ning\u00fan caso, de los da\u00f1os y perjuicios de cualquier naturaleza que pudieran derivarse del acceso o uso de los Contenidos o del Sitio Web.<\/p><p>Entre otras, y sin que se limite a \u00e9stas, NERVION no se responsabiliza de las siguientes circunstancias:<\/p><ul><li>La falta de disponibilidad, mantenimiento y efectivo funcionamiento del Sitio Web y\/o los Contenidos, excluy\u00e9ndose, en la m\u00e1xima medida permitida por la legislaci\u00f3n vigente, cualquier responsabilidad por los da\u00f1os y perjuicios de toda naturaleza que puedan deberse a la falta de disponibilidad o de continuidad del funcionamiento del Sitio Web y de los Contenidos habilitados en el mismo.<\/li><li>Falta de utilidad del Sitio Web o los Contenidos para cualquier actividad.<\/li><li>Del contenido, los productos y los servicios de otras p\u00e1ginas de Internet a las que puedan dirigirse directa o indirectamente los links o enlaces colocados en el Sitio Web.<\/li><li>La existencia de virus, programas maliciosos o lesivos en los Contenidos.<\/li><li>La recepci\u00f3n, obtenci\u00f3n, almacenamiento, difusi\u00f3n o transmisi\u00f3n, por parte de los Usuarios, de los Contenidos.<\/li><li>El uso il\u00edcito, negligente, fraudulento, contrario a las Condiciones Generales del presente Aviso Legal, a la buena fe, a los usos generalmente aceptados o al orden p\u00fablico, del Sitio Web o sus Contenidos, por parte de los usuarios.<\/li><\/ul><p>NERVION no asumir\u00e1 responsabilidad alguna por los da\u00f1os indirectos, relacionados con o derivados de las presentes Condiciones Generales (incluyendo a tal efecto lucro cesante, p\u00e9rdidas de uso, datos u otras ventajas econ\u00f3micas) con independencia de la causa.<\/p><h2><strong>6. Protecci\u00f3n de datos<\/strong><\/h2><p>Puede obtener m\u00e1s informaci\u00f3n sobre el uso que hacemos de sus datos de car\u00e1cter personales en la Pol\u00edtica de Privacidad de nuestra web.<\/p><h2><strong>7. Introducci\u00f3n de Links<\/strong><\/h2><p>Aquellos Usuarios que deseen establecer un hiperv\u00ednculo, enlace o link entre su sitio Web y el Sitio Web (el \u00abLink\u00bb) deber\u00e1n obtener la autorizaci\u00f3n previa de NERVION, presentando una solicitud a la siguiente direcci\u00f3n de correo electr\u00f3nico secretaria@nervionindustries.com, quedando sujeto al cumplimiento de las siguientes obligaciones:<\/p><ul><li>El Link \u00fanicamente permitir\u00e1 el acceso al Sitio Web, pero no podr\u00e1 reproducirlo de ninguna forma. No se permite la copia, uso, distribuci\u00f3n, comercializaci\u00f3n o reproducci\u00f3n ni total ni parcial de ninguno de los Contenidos del Sitio Web de NERVION.<\/li><li>S\u00f3lo se permiten hiperenlaces a la p\u00e1gina principal del Sitio Web y no se establecer\u00e1n deep-links con las p\u00e1ginas Web del Sitio Web ni de sus servicios ni se crear\u00e1 un browser o un border environment (framing) sobre las mismas.<\/li><li>La p\u00e1gina Web en la que se establezca el hiperenlace al Sitio Web no contendr\u00e1 ninguna marca, nombre comercial, r\u00f3tulo de establecimiento, denominaci\u00f3n, logotipo, eslogan u otros signos distintivos pertenecientes a NERVION, excepto aquellos signos que forman parte del mismo hiperenlace.<\/li><li>Bajo ninguna circunstancia NERVION ser\u00e1 responsable de los contenidos o servicios puestos a disposici\u00f3n del p\u00fablico en el Web desde el que se realice el hiperenlace ni de las informaciones y manifestaciones incluidas en las mismas.<\/li><li>No se realizar\u00e1n manifestaciones o indicaciones falsas, inexactas o incorrectas sobre NERVION, sus accionistas, consejeros, clientes, proveedores, asociados y empleados, el Sitio Web o los Contenidos.<\/li><li>No se declarar\u00e1 ni se dar\u00e1 a entender que NERVION ha autorizado el hiperenlace o que ha supervisado o asumido de cualquier forma los servicios ofrecidos o puestos a disposici\u00f3n de la p\u00e1gina Web en la que se establece el hiperenlace.<\/li><li>El establecimiento del hiperenlace no implica en ning\u00fan caso la existencia de relaciones comerciales entre NERVION y el propietario de la p\u00e1gina Web en la que se establezca, ni la aceptaci\u00f3n y aprobaci\u00f3n por parte de NERVION, de sus contenidos o servicios.<\/li><li>La p\u00e1gina Web en la que se establezca el hiperenlace no contendr\u00e1 informaciones o contenidos il\u00edcitos, contrarios a la moral y a las buenas costumbres generalmente aceptadas en Internet y al orden p\u00fablico, as\u00ed como tampoco contendr\u00e1 contenidos contrarios a cualesquiera derechos de terceros.<\/li><\/ul><h2><strong>8. Duraci\u00f3n<\/strong><\/h2><p>La duraci\u00f3n de la prestaci\u00f3n del servicio del Sitio Web y de los Contenidos es de car\u00e1cter indefinido.<\/p><p>Sin perjuicio de lo anterior, NERVION se reserva el derecho de interrumpir, suspender o terminar la prestaci\u00f3n del servicio del Sitio Web o de cualquiera de los Contenidos que lo integran.<\/p><h2><strong>9. Nulidad parcial<\/strong><\/h2><p>La declaraci\u00f3n de cualquiera de las cl\u00e1usulas de estas Condiciones Generales como nula, inv\u00e1lida o ineficaz no afectar\u00e1 a la validez o eficacia de las restantes, que seguir\u00e1n siendo vinculantes entre las partes. La renuncia por cualquiera de las partes a exigir en un momento determinado el cumplimiento de una cualquiera de las Condiciones Generales aqu\u00ed estipuladas no implicar\u00e1 una renuncia con car\u00e1cter general al cumplimiento de otra condici\u00f3n o condiciones, ni crear\u00e1 un derecho adquirido para la otra parte.<\/p><h2><strong>10. Acciones en caso de incumplimiento<\/strong><\/h2><p>NERVION se reserva el derecho a ejercer cuantas acciones est\u00e9n disponibles en derecho para exigir las responsabilidades que se deriven del incumplimiento de cualquiera de las disposiciones de estas Condiciones Generales de uso del Sitio Web por parte de un Usuario.<\/p><h2><strong>11. Legislaci\u00f3n Aplicable y jurisdicci\u00f3n<\/strong><\/h2><p>El presente Aviso Legal se rige por la legislaci\u00f3n espa\u00f1ola. NERVION y los Usuarios, con expresa renuncia a su propio fuero, se someten para la resoluci\u00f3n de cuantos litigios pudieran derivarse del uso del Sitio Web y de los Contenidos a los Juzgados y Tribunales de BILBAO.<\/p>\t\t\t\t\t\t\t\t<\/div>\n\t\t\t\t<\/div>\n\t\t\t\t\t<\/div>\n\t\t\t\t<\/div>\n\t\t\t\t<\/div>\n\t\t","protected":false},"excerpt":{"rendered":"<p>El presente Aviso Legal regula el uso del sitio Web www.nervionindustries.com (en adelante, el \u00abSitio Web\u00bb) que la sociedad NERVI\u00d3N INDUSTRIES, ENGINEERING AND SERVICES, S.L (en adelante \u201cNERVION\u201d) pone a la disposici\u00f3n de cualquier usuario del mismo (en adelante, el \u00abUsuario\u00bb).A trav\u00e9s del Sitio Web, los Usuarios pueden acceder a la informaci\u00f3n de las distintas [&hellip;]<\/p>\n","protected":false},"author":10,"featured_media":0,"parent":0,"menu_order":0,"comment_status":"closed","ping_status":"closed","template":"","meta":{"footnotes":""},"class_list":["post-5361","page","type-page","status-publish","hentry"],"yoast_head":"<!-- This site is optimized with the Yoast SEO plugin v27.3 - https:\/\/yoast.com\/product\/yoast-seo-wordpress\/ -->\n<title>Aviso Legal - Nervi\u00f3n Industries<\/title>\n<meta name=\"robots\" content=\"index, follow, max-snippet:-1, max-image-preview:large, max-video-preview:-1\" \/>\n<link rel=\"canonical\" href=\"https:\/\/www.nervionindustries.com\/en\/aviso-legal\/\" \/>\n<script type=\"application\/ld+json\" class=\"yoast-schema-graph\">{\"@context\":\"https:\\\/\\\/schema.org\",\"@graph\":[{\"@type\":\"WebPage\",\"@id\":\"https:\\\/\\\/www.nervionindustries.com\\\/aviso-legal\\\/\",\"url\":\"https:\\\/\\\/www.nervionindustries.com\\\/aviso-legal\\\/\",\"name\":\"Aviso Legal - Nervi\u00f3n Industries\",\"isPartOf\":{\"@id\":\"https:\\\/\\\/www.nervionindustries.com\\\/#website\"},\"datePublished\":\"2024-01-26T09:22:18+00:00\",\"dateModified\":\"2025-04-25T10:57:57+00:00\",\"breadcrumb\":{\"@id\":\"https:\\\/\\\/www.nervionindustries.com\\\/aviso-legal\\\/#breadcrumb\"},\"inLanguage\":\"en-GB\",\"potentialAction\":[{\"@type\":\"ReadAction\",\"target\":[\"https:\\\/\\\/www.nervionindustries.com\\\/aviso-legal\\\/\"]}]},{\"@type\":\"BreadcrumbList\",\"@id\":\"https:\\\/\\\/www.nervionindustries.com\\\/aviso-legal\\\/#breadcrumb\",\"itemListElement\":[{\"@type\":\"ListItem\",\"position\":1,\"name\":\"Portada\",\"item\":\"https:\\\/\\\/www.nervionindustries.com\\\/\"},{\"@type\":\"ListItem\",\"position\":2,\"name\":\"Aviso Legal\"}]},{\"@type\":\"WebSite\",\"@id\":\"https:\\\/\\\/www.nervionindustries.com\\\/#website\",\"url\":\"https:\\\/\\\/www.nervionindustries.com\\\/\",\"name\":\"Nervi\u00f3n Industries\",\"description\":\"Montajes, mantenimientos e ingenier\u00eda industrial\",\"publisher\":{\"@id\":\"https:\\\/\\\/www.nervionindustries.com\\\/#organization\"},\"potentialAction\":[{\"@type\":\"SearchAction\",\"target\":{\"@type\":\"EntryPoint\",\"urlTemplate\":\"https:\\\/\\\/www.nervionindustries.com\\\/?s={search_term_string}\"},\"query-input\":{\"@type\":\"PropertyValueSpecification\",\"valueRequired\":true,\"valueName\":\"search_term_string\"}}],\"inLanguage\":\"en-GB\"},{\"@type\":\"Organization\",\"@id\":\"https:\\\/\\\/www.nervionindustries.com\\\/#organization\",\"name\":\"Nervion Industries, Engineering & Services, S.L.\",\"url\":\"https:\\\/\\\/www.nervionindustries.com\\\/\",\"logo\":{\"@type\":\"ImageObject\",\"inLanguage\":\"en-GB\",\"@id\":\"https:\\\/\\\/www.nervionindustries.com\\\/#\\\/schema\\\/logo\\\/image\\\/\",\"url\":\"https:\\\/\\\/www.nervionindustries.com\\\/wp-content\\\/uploads\\\/2023\\\/11\\\/logo-nervion-2025-png.webp\",\"contentUrl\":\"https:\\\/\\\/www.nervionindustries.com\\\/wp-content\\\/uploads\\\/2023\\\/11\\\/logo-nervion-2025-png.webp\",\"width\":406,\"height\":128,\"caption\":\"Nervion Industries, Engineering & Services, S.L.\"},\"image\":{\"@id\":\"https:\\\/\\\/www.nervionindustries.com\\\/#\\\/schema\\\/logo\\\/image\\\/\"},\"sameAs\":[\"https:\\\/\\\/www.linkedin.com\\\/company\\\/nervion-montajes-y-mantenimientos-s-l-?originalSubdomain=es\"]}]}<\/script>\n<!-- \/ Yoast SEO plugin. -->","yoast_head_json":{"title":"Aviso Legal - Nervi\u00f3n Industries","robots":{"index":"index","follow":"follow","max-snippet":"max-snippet:-1","max-image-preview":"max-image-preview:large","max-video-preview":"max-video-preview:-1"},"canonical":"https:\/\/www.nervionindustries.com\/en\/aviso-legal\/","schema":{"@context":"https:\/\/schema.org","@graph":[{"@type":"WebPage","@id":"https:\/\/www.nervionindustries.com\/aviso-legal\/","url":"https:\/\/www.nervionindustries.com\/aviso-legal\/","name":"Aviso Legal - Nervi\u00f3n Industries","isPartOf":{"@id":"https:\/\/www.nervionindustries.com\/#website"},"datePublished":"2024-01-26T09:22:18+00:00","dateModified":"2025-04-25T10:57:57+00:00","breadcrumb":{"@id":"https:\/\/www.nervionindustries.com\/aviso-legal\/#breadcrumb"},"inLanguage":"en-GB","potentialAction":[{"@type":"ReadAction","target":["https:\/\/www.nervionindustries.com\/aviso-legal\/"]}]},{"@type":"BreadcrumbList","@id":"https:\/\/www.nervionindustries.com\/aviso-legal\/#breadcrumb","itemListElement":[{"@type":"ListItem","position":1,"name":"Portada","item":"https:\/\/www.nervionindustries.com\/"},{"@type":"ListItem","position":2,"name":"Aviso Legal"}]},{"@type":"WebSite","@id":"https:\/\/www.nervionindustries.com\/#website","url":"https:\/\/www.nervionindustries.com\/","name":"Nervi\u00f3n Industries","description":"Montajes, mantenimientos e ingenier\u00eda industrial","publisher":{"@id":"https:\/\/www.nervionindustries.com\/#organization"},"potentialAction":[{"@type":"SearchAction","target":{"@type":"EntryPoint","urlTemplate":"https:\/\/www.nervionindustries.com\/?s={search_term_string}"},"query-input":{"@type":"PropertyValueSpecification","valueRequired":true,"valueName":"search_term_string"}}],"inLanguage":"en-GB"},{"@type":"Organization","@id":"https:\/\/www.nervionindustries.com\/#organization","name":"Nervion Industries, Engineering & Services, S.L.","url":"https:\/\/www.nervionindustries.com\/","logo":{"@type":"ImageObject","inLanguage":"en-GB","@id":"https:\/\/www.nervionindustries.com\/#\/schema\/logo\/image\/","url":"https:\/\/www.nervionindustries.com\/wp-content\/uploads\/2023\/11\/logo-nervion-2025-png.webp","contentUrl":"https:\/\/www.nervionindustries.com\/wp-content\/uploads\/2023\/11\/logo-nervion-2025-png.webp","width":406,"height":128,"caption":"Nervion Industries, Engineering & Services, S.L."},"image":{"@id":"https:\/\/www.nervionindustries.com\/#\/schema\/logo\/image\/"},"sameAs":["https:\/\/www.linkedin.com\/company\/nervion-montajes-y-mantenimientos-s-l-?originalSubdomain=es"]}]}},"_links":{"self":[{"href":"https:\/\/www.nervionindustries.com\/en\/wp-json\/wp\/v2\/pages\/5361","targetHints":{"allow":["GET"]}}],"collection":[{"href":"https:\/\/www.nervionindustries.com\/en\/wp-json\/wp\/v2\/pages"}],"about":[{"href":"https:\/\/www.nervionindustries.com\/en\/wp-json\/wp\/v2\/types\/page"}],"author":[{"embeddable":true,"href":"https:\/\/www.nervionindustries.com\/en\/wp-json\/wp\/v2\/users\/10"}],"replies":[{"embeddable":true,"href":"https:\/\/www.nervionindustries.com\/en\/wp-json\/wp\/v2\/comments?post=5361"}],"version-history":[{"count":3,"href":"https:\/\/www.nervionindustries.com\/en\/wp-json\/wp\/v2\/pages\/5361\/revisions"}],"predecessor-version":[{"id":6129,"href":"https:\/\/www.nervionindustries.com\/en\/wp-json\/wp\/v2\/pages\/5361\/revisions\/6129"}],"wp:attachment":[{"href":"https:\/\/www.nervionindustries.com\/en\/wp-json\/wp\/v2\/media?parent=5361"}],"curies":[{"name":"wp","href":"https:\/\/api.w.org\/{rel}","templated":true}]}}