{"id":5350,"date":"2024-01-26T09:15:54","date_gmt":"2024-01-26T09:15:54","guid":{"rendered":"http:\/\/web-nervion.grupoamper.com\/?page_id=5350"},"modified":"2025-04-25T12:53:59","modified_gmt":"2025-04-25T10:53:59","slug":"politica-de-compliance","status":"publish","type":"page","link":"https:\/\/www.nervionindustries.com\/en\/politica-de-compliance\/","title":{"rendered":"Compliance-Anti-bribery-Free Competition Policy"},"content":{"rendered":"\t\t<div data-elementor-type=\"wp-page\" data-elementor-id=\"5350\" class=\"elementor elementor-5350\" data-elementor-post-type=\"page\">\n\t\t\t\t<div class=\"elementor-element elementor-element-46eff9a e-con-full e-flex e-con e-parent\" data-id=\"46eff9a\" data-element_type=\"container\" data-e-type=\"container\" data-settings=\"{&quot;background_background&quot;:&quot;classic&quot;,&quot;sticky&quot;:&quot;top&quot;,&quot;sticky_offset&quot;:71,&quot;position&quot;:&quot;absolute&quot;,&quot;sticky_on&quot;:[&quot;widescreen&quot;,&quot;desktop&quot;,&quot;laptop&quot;,&quot;tablet_extra&quot;,&quot;tablet&quot;,&quot;mobile_extra&quot;,&quot;mobile&quot;],&quot;sticky_effects_offset&quot;:0,&quot;sticky_anchor_link_offset&quot;:0}\">\n\t\t\t\t<\/div>\n\t\t<div class=\"elementor-element elementor-element-426d170 e-flex e-con-boxed e-con e-parent\" data-id=\"426d170\" data-element_type=\"container\" data-e-type=\"container\">\n\t\t\t\t\t<div class=\"e-con-inner\">\n\t\t\t\t<div class=\"elementor-element elementor-element-551ee06 elementor-widget elementor-widget-heading\" data-id=\"551ee06\" data-element_type=\"widget\" data-e-type=\"widget\" data-widget_type=\"heading.default\">\n\t\t\t\t<div class=\"elementor-widget-container\">\n\t\t\t\t\t<h5 class=\"elementor-heading-title elementor-size-default\">En NERVI\u00d3N INDUSTRIES, ENGINEERING AND SERVICES S.L.U. y  las empresas dependientes (Fivemasa, etc.), fiel a sus principios de imparcialidad, transparencia y conducta \u00e9tica y siendo conscientes de que la materializaci\u00f3n de cualquier delito y las malas praxis pueden representar un obst\u00e1culo para la evoluci\u00f3n de la organizaci\u00f3n se compromete a:<\/h5>\t\t\t\t<\/div>\n\t\t\t\t<\/div>\n\t\t\t\t<div class=\"elementor-element elementor-element-81967de elementor-widget elementor-widget-text-editor\" data-id=\"81967de\" data-element_type=\"widget\" data-e-type=\"widget\" data-widget_type=\"text-editor.default\">\n\t\t\t\t<div class=\"elementor-widget-container\">\n\t\t\t\t\t\t\t\t\t<p>1. Prohibir tajantemente cualquier tipo delictivo en todas sus formas e implantar medidas para prevenir y detectar su posible ejecuci\u00f3n.<\/p><p>2. Requerir el cumplimiento de la normativa y sus obligaciones, as\u00ed como de antisoborno, libre competencia y all\u00ed donde realicemos actividades.<\/p><p>3. Tomar de referencia y cumplir los sistemas de gesti\u00f3n Cumplimiento, Libre Competencia, Compliance Penal, Antisoborno establecido en la organizaci\u00f3n en base a las normas actualizadas ISO 37301, ISO 37001 ,UNE19601 y UNE 19603 as\u00ed como al art.31 bis del c\u00f3digo penal.<\/p><p>4. Promover y solucionar las inquietudes y\/o denuncias, de buena fe o sobre la base de una creencia razonable, y sin ning\u00fan tipo de represalia.<\/p><p>5. Mejorar el sistema de gesti\u00f3n de Compliance de manera continua.<\/p><p>6. Sensibilizar y formar e informa a: todo el personal, socios de negocio y unidades de negocio.<\/p><p>NERVION cuenta con la figura de Responsable de Cumplimiento-Compliance Officer, cuya principal tarea, entre otras, es el control del correcto desarrollo e implementaci\u00f3n de las pautas de conducta establecidas en la presente Pol\u00edtica y en el c\u00f3digo \u00e9tico .\u00a0 Por parte de la Direcci\u00f3n se le asegura recursos, autoridad e independencia para poder desempe\u00f1ar eficazmente sus responsabilidades.<\/p><p>As\u00ed mismo en caso de incumplimiento del C\u00f3digo \u00e9tico, como de esta pol\u00edtica, se aplicar\u00e1 el sistema de sanciones implantado en la organizaci\u00f3n.<\/p><p>Esta pol\u00edtica se puede complementar y no anula otras de MUTARES como accionista mayoritario.<\/p><p><strong>01\/03\/2025<\/strong><\/p><p style=\"text-align: center;\"><strong>Presidente Ejecutivo<\/strong><\/p><p style=\"text-align: center;\"><strong>Antonio Alfonso<\/strong><\/p>\t\t\t\t\t\t\t\t<\/div>\n\t\t\t\t<\/div>\n\t\t\t\t<div class=\"elementor-element elementor-element-6367229 elementor-widget elementor-widget-text-editor\" data-id=\"6367229\" data-element_type=\"widget\" data-e-type=\"widget\" data-widget_type=\"text-editor.default\">\n\t\t\t\t<div class=\"elementor-widget-container\">\n\t\t\t\t\t\t\t\t\t<p style=\"text-align: right;\"><strong><a href=\"https:\/\/www.nervionindustries.com\/wp-content\/uploads\/2025\/04\/Anexo-1-Politica-Compliance-cast-firmada.pdf\" target=\"_blank\" rel=\"noopener\">Enlace al documento<\/a><\/strong><\/p>\t\t\t\t\t\t\t\t<\/div>\n\t\t\t\t<\/div>\n\t\t\t\t\t<\/div>\n\t\t\t\t<\/div>\n\t\t\t\t<\/div>\n\t\t","protected":false},"excerpt":{"rendered":"<p>En NERVI\u00d3N INDUSTRIES, ENGINEERING AND SERVICES S.L.U. y las empresas dependientes (Fivemasa, etc.), fiel a sus principios de imparcialidad, transparencia y conducta \u00e9tica y siendo conscientes de que la materializaci\u00f3n de cualquier delito y las malas praxis pueden representar un obst\u00e1culo para la evoluci\u00f3n de la organizaci\u00f3n se compromete a: 1. Prohibir tajantemente cualquier tipo [&hellip;]<\/p>\n","protected":false},"author":10,"featured_media":0,"parent":0,"menu_order":0,"comment_status":"closed","ping_status":"closed","template":"","meta":{"footnotes":""},"class_list":["post-5350","page","type-page","status-publish","hentry"],"yoast_head":"<!-- This site is optimized with the Yoast SEO plugin v27.3 - https:\/\/yoast.com\/product\/yoast-seo-wordpress\/ -->\n<title>Pol\u00edtica de Compliance-Antisoborno-libre Competencia - Nervi\u00f3n Industries<\/title>\n<meta name=\"robots\" content=\"index, follow, max-snippet:-1, max-image-preview:large, max-video-preview:-1\" \/>\n<link rel=\"canonical\" href=\"https:\/\/www.nervionindustries.com\/en\/politica-de-compliance\/\" \/>\n<script type=\"application\/ld+json\" class=\"yoast-schema-graph\">{\"@context\":\"https:\\\/\\\/schema.org\",\"@graph\":[{\"@type\":\"WebPage\",\"@id\":\"https:\\\/\\\/www.nervionindustries.com\\\/politica-de-compliance\\\/\",\"url\":\"https:\\\/\\\/www.nervionindustries.com\\\/politica-de-compliance\\\/\",\"name\":\"Pol\u00edtica de Compliance-Antisoborno-libre Competencia - Nervi\u00f3n Industries\",\"isPartOf\":{\"@id\":\"https:\\\/\\\/www.nervionindustries.com\\\/#website\"},\"datePublished\":\"2024-01-26T09:15:54+00:00\",\"dateModified\":\"2025-04-25T10:53:59+00:00\",\"breadcrumb\":{\"@id\":\"https:\\\/\\\/www.nervionindustries.com\\\/politica-de-compliance\\\/#breadcrumb\"},\"inLanguage\":\"en-GB\",\"potentialAction\":[{\"@type\":\"ReadAction\",\"target\":[\"https:\\\/\\\/www.nervionindustries.com\\\/politica-de-compliance\\\/\"]}]},{\"@type\":\"BreadcrumbList\",\"@id\":\"https:\\\/\\\/www.nervionindustries.com\\\/politica-de-compliance\\\/#breadcrumb\",\"itemListElement\":[{\"@type\":\"ListItem\",\"position\":1,\"name\":\"Portada\",\"item\":\"https:\\\/\\\/www.nervionindustries.com\\\/\"},{\"@type\":\"ListItem\",\"position\":2,\"name\":\"Pol\u00edtica de Compliance-Antisoborno-libre Competencia\"}]},{\"@type\":\"WebSite\",\"@id\":\"https:\\\/\\\/www.nervionindustries.com\\\/#website\",\"url\":\"https:\\\/\\\/www.nervionindustries.com\\\/\",\"name\":\"Nervi\u00f3n Industries\",\"description\":\"Montajes, mantenimientos e ingenier\u00eda industrial\",\"publisher\":{\"@id\":\"https:\\\/\\\/www.nervionindustries.com\\\/#organization\"},\"potentialAction\":[{\"@type\":\"SearchAction\",\"target\":{\"@type\":\"EntryPoint\",\"urlTemplate\":\"https:\\\/\\\/www.nervionindustries.com\\\/?s={search_term_string}\"},\"query-input\":{\"@type\":\"PropertyValueSpecification\",\"valueRequired\":true,\"valueName\":\"search_term_string\"}}],\"inLanguage\":\"en-GB\"},{\"@type\":\"Organization\",\"@id\":\"https:\\\/\\\/www.nervionindustries.com\\\/#organization\",\"name\":\"Nervion Industries, Engineering & Services, S.L.\",\"url\":\"https:\\\/\\\/www.nervionindustries.com\\\/\",\"logo\":{\"@type\":\"ImageObject\",\"inLanguage\":\"en-GB\",\"@id\":\"https:\\\/\\\/www.nervionindustries.com\\\/#\\\/schema\\\/logo\\\/image\\\/\",\"url\":\"https:\\\/\\\/www.nervionindustries.com\\\/wp-content\\\/uploads\\\/2023\\\/11\\\/logo-nervion-2025-png.webp\",\"contentUrl\":\"https:\\\/\\\/www.nervionindustries.com\\\/wp-content\\\/uploads\\\/2023\\\/11\\\/logo-nervion-2025-png.webp\",\"width\":406,\"height\":128,\"caption\":\"Nervion Industries, Engineering & Services, S.L.\"},\"image\":{\"@id\":\"https:\\\/\\\/www.nervionindustries.com\\\/#\\\/schema\\\/logo\\\/image\\\/\"},\"sameAs\":[\"https:\\\/\\\/www.linkedin.com\\\/company\\\/nervion-montajes-y-mantenimientos-s-l-?originalSubdomain=es\"]}]}<\/script>\n<!-- \/ Yoast SEO plugin. -->","yoast_head_json":{"title":"Pol\u00edtica de Compliance-Antisoborno-libre Competencia - Nervi\u00f3n Industries","robots":{"index":"index","follow":"follow","max-snippet":"max-snippet:-1","max-image-preview":"max-image-preview:large","max-video-preview":"max-video-preview:-1"},"canonical":"https:\/\/www.nervionindustries.com\/en\/politica-de-compliance\/","schema":{"@context":"https:\/\/schema.org","@graph":[{"@type":"WebPage","@id":"https:\/\/www.nervionindustries.com\/politica-de-compliance\/","url":"https:\/\/www.nervionindustries.com\/politica-de-compliance\/","name":"Pol\u00edtica de Compliance-Antisoborno-libre Competencia - Nervi\u00f3n Industries","isPartOf":{"@id":"https:\/\/www.nervionindustries.com\/#website"},"datePublished":"2024-01-26T09:15:54+00:00","dateModified":"2025-04-25T10:53:59+00:00","breadcrumb":{"@id":"https:\/\/www.nervionindustries.com\/politica-de-compliance\/#breadcrumb"},"inLanguage":"en-GB","potentialAction":[{"@type":"ReadAction","target":["https:\/\/www.nervionindustries.com\/politica-de-compliance\/"]}]},{"@type":"BreadcrumbList","@id":"https:\/\/www.nervionindustries.com\/politica-de-compliance\/#breadcrumb","itemListElement":[{"@type":"ListItem","position":1,"name":"Portada","item":"https:\/\/www.nervionindustries.com\/"},{"@type":"ListItem","position":2,"name":"Pol\u00edtica de Compliance-Antisoborno-libre Competencia"}]},{"@type":"WebSite","@id":"https:\/\/www.nervionindustries.com\/#website","url":"https:\/\/www.nervionindustries.com\/","name":"Nervi\u00f3n Industries","description":"Montajes, mantenimientos e ingenier\u00eda industrial","publisher":{"@id":"https:\/\/www.nervionindustries.com\/#organization"},"potentialAction":[{"@type":"SearchAction","target":{"@type":"EntryPoint","urlTemplate":"https:\/\/www.nervionindustries.com\/?s={search_term_string}"},"query-input":{"@type":"PropertyValueSpecification","valueRequired":true,"valueName":"search_term_string"}}],"inLanguage":"en-GB"},{"@type":"Organization","@id":"https:\/\/www.nervionindustries.com\/#organization","name":"Nervion Industries, Engineering & Services, S.L.","url":"https:\/\/www.nervionindustries.com\/","logo":{"@type":"ImageObject","inLanguage":"en-GB","@id":"https:\/\/www.nervionindustries.com\/#\/schema\/logo\/image\/","url":"https:\/\/www.nervionindustries.com\/wp-content\/uploads\/2023\/11\/logo-nervion-2025-png.webp","contentUrl":"https:\/\/www.nervionindustries.com\/wp-content\/uploads\/2023\/11\/logo-nervion-2025-png.webp","width":406,"height":128,"caption":"Nervion Industries, Engineering & Services, S.L."},"image":{"@id":"https:\/\/www.nervionindustries.com\/#\/schema\/logo\/image\/"},"sameAs":["https:\/\/www.linkedin.com\/company\/nervion-montajes-y-mantenimientos-s-l-?originalSubdomain=es"]}]}},"_links":{"self":[{"href":"https:\/\/www.nervionindustries.com\/en\/wp-json\/wp\/v2\/pages\/5350","targetHints":{"allow":["GET"]}}],"collection":[{"href":"https:\/\/www.nervionindustries.com\/en\/wp-json\/wp\/v2\/pages"}],"about":[{"href":"https:\/\/www.nervionindustries.com\/en\/wp-json\/wp\/v2\/types\/page"}],"author":[{"embeddable":true,"href":"https:\/\/www.nervionindustries.com\/en\/wp-json\/wp\/v2\/users\/10"}],"replies":[{"embeddable":true,"href":"https:\/\/www.nervionindustries.com\/en\/wp-json\/wp\/v2\/comments?post=5350"}],"version-history":[{"count":3,"href":"https:\/\/www.nervionindustries.com\/en\/wp-json\/wp\/v2\/pages\/5350\/revisions"}],"predecessor-version":[{"id":6123,"href":"https:\/\/www.nervionindustries.com\/en\/wp-json\/wp\/v2\/pages\/5350\/revisions\/6123"}],"wp:attachment":[{"href":"https:\/\/www.nervionindustries.com\/en\/wp-json\/wp\/v2\/media?parent=5350"}],"curies":[{"name":"wp","href":"https:\/\/api.w.org\/{rel}","templated":true}]}}