{"id":5333,"date":"2024-01-26T09:09:09","date_gmt":"2024-01-26T09:09:09","guid":{"rendered":"http:\/\/web-nervion.grupoamper.com\/?page_id=5333"},"modified":"2025-04-28T10:08:56","modified_gmt":"2025-04-28T08:08:56","slug":"politica-integrada","status":"publish","type":"page","link":"https:\/\/www.nervionindustries.com\/en\/politica-integrada\/","title":{"rendered":"Integrated Policy"},"content":{"rendered":"\t\t<div data-elementor-type=\"wp-page\" data-elementor-id=\"5333\" class=\"elementor elementor-5333\" data-elementor-post-type=\"page\">\n\t\t\t\t<div class=\"elementor-element elementor-element-46eff9a e-con-full e-flex e-con e-parent\" data-id=\"46eff9a\" data-element_type=\"container\" data-e-type=\"container\" data-settings=\"{&quot;background_background&quot;:&quot;classic&quot;,&quot;sticky&quot;:&quot;top&quot;,&quot;sticky_offset&quot;:71,&quot;position&quot;:&quot;absolute&quot;,&quot;sticky_on&quot;:[&quot;widescreen&quot;,&quot;desktop&quot;,&quot;laptop&quot;,&quot;tablet_extra&quot;,&quot;tablet&quot;,&quot;mobile_extra&quot;,&quot;mobile&quot;],&quot;sticky_effects_offset&quot;:0,&quot;sticky_anchor_link_offset&quot;:0}\">\n\t\t\t\t<\/div>\n\t\t<div class=\"elementor-element elementor-element-426d170 e-flex e-con-boxed e-con e-parent\" data-id=\"426d170\" data-element_type=\"container\" data-e-type=\"container\">\n\t\t\t\t\t<div class=\"e-con-inner\">\n\t\t\t\t<div class=\"elementor-element elementor-element-81967de elementor-widget elementor-widget-text-editor\" data-id=\"81967de\" data-element_type=\"widget\" data-e-type=\"widget\" data-widget_type=\"text-editor.default\">\n\t\t\t\t<div class=\"elementor-widget-container\">\n\t\t\t\t\t\t\t\t\t<p>NERVI\u00d3N INDUSTRIES, ENGINEERING AND SERVICES, provee soluciones industriales integrales en sectores estrat\u00e9gicos dando una respuesta id\u00f3nea en la ejecuci\u00f3n de proyectos en las \u00e1reas de Servicios Industriales, Naval, Ingenier\u00eda, Construcci\u00f3n y Reparaci\u00f3n de Tanques de Almacenamiento, Ingenier\u00eda, Adquisiciones y Gesti\u00f3n de la Construcci\u00f3n de Plantas Energ\u00e9ticas, as\u00ed como la instalaci\u00f3n y mantenimiento de sistemas de protecci\u00f3n contra incendios.<\/p><p>La actividad de las empresas tiene como fin primordial generar valor a todos nuestros grupos de inter\u00e9s:<\/p><p style=\"padding-left: 40px;\">A nuestros clientes mediante un servicio satisfactorio a trav\u00e9s de la calidad.<\/p><p style=\"padding-left: 40px;\">A nuestro entorno mediante el respeto al MA y la responsabilidad social.<\/p><p style=\"padding-left: 40px;\">A nuestra estructura mediante el desarrollo y cuidado extremo de la Seguridad y Salud de los trabajadores.<\/p><p>Adem\u00e1s, establezco expresamente nuestro compromiso de:<\/p><p><strong>Cumplir los requisitos de nuestros clientes<\/strong>, as\u00ed como con las normas y\/o requisitos legales que afecten a nuestro producto y servicio, reglamentaci\u00f3n medioambiental y de prevenci\u00f3n de riesgos aplicable.<\/p><p><strong>Mejorar continuamente nuestro Sistema de Gesti\u00f3n<\/strong>, desde la perspectiva de la resoluci\u00f3n de los fallos existentes, as\u00ed como desde la evaluaci\u00f3n de sus riesgos y amenazas potenciales, teniendo en cuenta la influencia del entorno y de las diferentes partes interesadas (Accionistas, Clientes, Trabajadores, Proveedores y diferentes colaboradores).<\/p><p><strong>Mejorar continuamente<\/strong> nuestro comportamiento medioambiental, la prevenci\u00f3n de la contaminaci\u00f3n, y la seguridad y salud de los trabajadores y para ello, la eficacia de nuestro Sistema Integrado de Gesti\u00f3n.<\/p><p><strong>Proteger a nuestros trabajadores<\/strong> en cuanto a los riesgos asociados a nuestra actividad, proporcion\u00e1ndoles todos los medios necesarios, previniendo los da\u00f1os y el deterioro de la salud.<\/p><p><strong>Promover la participaci\u00f3n y responsabilidad<\/strong> de todos los trabajadores de la empresa en el funcionamiento del Sistema de Gesti\u00f3n Integrada ylen el desarrollo de la Pol\u00edtica de Gesti\u00f3n Integrada, de un modo participativo y proactivo, integr\u00e1ndola en todas sus actuaciones laborales.<\/p>\t\t\t\t\t\t\t\t<\/div>\n\t\t\t\t<\/div>\n\t\t\t\t\t<\/div>\n\t\t\t\t<\/div>\n\t\t<div class=\"elementor-element elementor-element-372c334 e-flex e-con-boxed e-con e-parent\" data-id=\"372c334\" data-element_type=\"container\" data-e-type=\"container\">\n\t\t\t\t\t<div class=\"e-con-inner\">\n\t\t<div class=\"elementor-element elementor-element-e6532ac e-con-full e-flex e-con e-child\" data-id=\"e6532ac\" data-element_type=\"container\" data-e-type=\"container\">\n\t\t\t\t<div class=\"elementor-element elementor-element-7cc7e74 elementor-align-center elementor-widget elementor-widget-button\" data-id=\"7cc7e74\" data-element_type=\"widget\" data-e-type=\"widget\" data-widget_type=\"button.default\">\n\t\t\t\t<div class=\"elementor-widget-container\">\n\t\t\t\t\t\t\t\t\t<div class=\"elementor-button-wrapper\">\n\t\t\t\t\t<a class=\"elementor-button elementor-button-link elementor-size-sm\" href=\"https:\/\/www.nervionindustries.com\/wp-content\/uploads\/2025\/04\/POLITICA-G-Int-01-03-25-R07-NERVION-INDUSTRIES.pdf\" target=\"_blank\">\n\t\t\t\t\t\t<span class=\"elementor-button-content-wrapper\">\n\t\t\t\t\t\t<span class=\"elementor-button-icon\">\n\t\t\t\t<i aria-hidden=\"true\" class=\"fas fa-angle-right\"><\/i>\t\t\t<\/span>\n\t\t\t\t\t\t\t\t\t<span class=\"elementor-button-text\">ENLACE AL DOCUMENTO<\/span>\n\t\t\t\t\t<\/span>\n\t\t\t\t\t<\/a>\n\t\t\t\t<\/div>\n\t\t\t\t\t\t\t\t<\/div>\n\t\t\t\t<\/div>\n\t\t\t\t<\/div>\n\t\t<div class=\"elementor-element elementor-element-ef14227 e-con-full e-flex e-con e-child\" data-id=\"ef14227\" data-element_type=\"container\" data-e-type=\"container\">\n\t\t\t\t<div class=\"elementor-element elementor-element-87a63e1 elementor-widget elementor-widget-text-editor\" data-id=\"87a63e1\" data-element_type=\"widget\" data-e-type=\"widget\" data-widget_type=\"text-editor.default\">\n\t\t\t\t<div class=\"elementor-widget-container\">\n\t\t\t\t\t\t\t\t\t<p style=\"text-align: center;\">Bilbao, a 1 de marzo de 2025<\/p>\t\t\t\t\t\t\t\t<\/div>\n\t\t\t\t<\/div>\n\t\t\t\t<div class=\"elementor-element elementor-element-9563423 elementor-widget elementor-widget-image\" data-id=\"9563423\" data-element_type=\"widget\" data-e-type=\"widget\" data-widget_type=\"image.default\">\n\t\t\t\t<div class=\"elementor-widget-container\">\n\t\t\t\t\t\t\t\t\t\t\t\t<figure class=\"wp-caption\">\n\t\t\t\t\t\t\t\t\t\t<img fetchpriority=\"high\" decoding=\"async\" width=\"800\" height=\"506\" src=\"https:\/\/www.nervionindustries.com\/wp-content\/uploads\/2024\/01\/firma-Antonio-Alfonso.jpg\" class=\"attachment-large size-large wp-image-5340\" alt=\"\" srcset=\"https:\/\/www.nervionindustries.com\/wp-content\/uploads\/2024\/01\/firma-Antonio-Alfonso.jpg 1003w, https:\/\/www.nervionindustries.com\/wp-content\/uploads\/2024\/01\/firma-Antonio-Alfonso-300x190.jpg 300w, https:\/\/www.nervionindustries.com\/wp-content\/uploads\/2024\/01\/firma-Antonio-Alfonso-768x486.jpg 768w\" sizes=\"(max-width: 800px) 100vw, 800px\" \/>\t\t\t\t\t\t\t\t\t\t\t<figcaption class=\"widget-image-caption wp-caption-text\">Firmado: Antonio Alfonso<br>PRESIDENTE EJECUTIVO<\/figcaption>\n\t\t\t\t\t\t\t\t\t\t<\/figure>\n\t\t\t\t\t\t\t\t\t<\/div>\n\t\t\t\t<\/div>\n\t\t\t\t<\/div>\n\t\t\t\t\t<\/div>\n\t\t\t\t<\/div>\n\t\t\t\t<\/div>\n\t\t","protected":false},"excerpt":{"rendered":"<p>NERVI\u00d3N INDUSTRIES, ENGINEERING AND SERVICES, provee soluciones industriales integrales en sectores estrat\u00e9gicos dando una respuesta id\u00f3nea en la ejecuci\u00f3n de proyectos en las \u00e1reas de Servicios Industriales, Naval, Ingenier\u00eda, Construcci\u00f3n y Reparaci\u00f3n de Tanques de Almacenamiento, Ingenier\u00eda, Adquisiciones y Gesti\u00f3n de la Construcci\u00f3n de Plantas Energ\u00e9ticas, as\u00ed como la instalaci\u00f3n y mantenimiento de sistemas de [&hellip;]<\/p>\n","protected":false},"author":10,"featured_media":0,"parent":0,"menu_order":0,"comment_status":"closed","ping_status":"closed","template":"","meta":{"footnotes":""},"class_list":["post-5333","page","type-page","status-publish","hentry"],"yoast_head":"<!-- This site is optimized with the Yoast SEO plugin v27.3 - https:\/\/yoast.com\/product\/yoast-seo-wordpress\/ -->\n<title>Pol\u00edtica Integrada - Nervi\u00f3n Industries<\/title>\n<meta name=\"robots\" content=\"index, follow, max-snippet:-1, max-image-preview:large, max-video-preview:-1\" \/>\n<link rel=\"canonical\" href=\"https:\/\/www.nervionindustries.com\/en\/politica-integrada\/\" \/>\n<script type=\"application\/ld+json\" class=\"yoast-schema-graph\">{\"@context\":\"https:\\\/\\\/schema.org\",\"@graph\":[{\"@type\":\"WebPage\",\"@id\":\"https:\\\/\\\/www.nervionindustries.com\\\/politica-integrada\\\/\",\"url\":\"https:\\\/\\\/www.nervionindustries.com\\\/politica-integrada\\\/\",\"name\":\"Pol\u00edtica Integrada - Nervi\u00f3n Industries\",\"isPartOf\":{\"@id\":\"https:\\\/\\\/www.nervionindustries.com\\\/#website\"},\"primaryImageOfPage\":{\"@id\":\"https:\\\/\\\/www.nervionindustries.com\\\/politica-integrada\\\/#primaryimage\"},\"image\":{\"@id\":\"https:\\\/\\\/www.nervionindustries.com\\\/politica-integrada\\\/#primaryimage\"},\"thumbnailUrl\":\"https:\\\/\\\/www.nervionindustries.com\\\/wp-content\\\/uploads\\\/2024\\\/01\\\/firma-Antonio-Alfonso.jpg\",\"datePublished\":\"2024-01-26T09:09:09+00:00\",\"dateModified\":\"2025-04-28T08:08:56+00:00\",\"breadcrumb\":{\"@id\":\"https:\\\/\\\/www.nervionindustries.com\\\/politica-integrada\\\/#breadcrumb\"},\"inLanguage\":\"en-GB\",\"potentialAction\":[{\"@type\":\"ReadAction\",\"target\":[\"https:\\\/\\\/www.nervionindustries.com\\\/politica-integrada\\\/\"]}]},{\"@type\":\"ImageObject\",\"inLanguage\":\"en-GB\",\"@id\":\"https:\\\/\\\/www.nervionindustries.com\\\/politica-integrada\\\/#primaryimage\",\"url\":\"https:\\\/\\\/www.nervionindustries.com\\\/wp-content\\\/uploads\\\/2024\\\/01\\\/firma-Antonio-Alfonso.jpg\",\"contentUrl\":\"https:\\\/\\\/www.nervionindustries.com\\\/wp-content\\\/uploads\\\/2024\\\/01\\\/firma-Antonio-Alfonso.jpg\"},{\"@type\":\"BreadcrumbList\",\"@id\":\"https:\\\/\\\/www.nervionindustries.com\\\/politica-integrada\\\/#breadcrumb\",\"itemListElement\":[{\"@type\":\"ListItem\",\"position\":1,\"name\":\"Portada\",\"item\":\"https:\\\/\\\/www.nervionindustries.com\\\/\"},{\"@type\":\"ListItem\",\"position\":2,\"name\":\"Pol\u00edtica Integrada\"}]},{\"@type\":\"WebSite\",\"@id\":\"https:\\\/\\\/www.nervionindustries.com\\\/#website\",\"url\":\"https:\\\/\\\/www.nervionindustries.com\\\/\",\"name\":\"Nervi\u00f3n Industries\",\"description\":\"Montajes, mantenimientos e ingenier\u00eda industrial\",\"publisher\":{\"@id\":\"https:\\\/\\\/www.nervionindustries.com\\\/#organization\"},\"potentialAction\":[{\"@type\":\"SearchAction\",\"target\":{\"@type\":\"EntryPoint\",\"urlTemplate\":\"https:\\\/\\\/www.nervionindustries.com\\\/?s={search_term_string}\"},\"query-input\":{\"@type\":\"PropertyValueSpecification\",\"valueRequired\":true,\"valueName\":\"search_term_string\"}}],\"inLanguage\":\"en-GB\"},{\"@type\":\"Organization\",\"@id\":\"https:\\\/\\\/www.nervionindustries.com\\\/#organization\",\"name\":\"Nervion Industries, Engineering & Services, S.L.\",\"url\":\"https:\\\/\\\/www.nervionindustries.com\\\/\",\"logo\":{\"@type\":\"ImageObject\",\"inLanguage\":\"en-GB\",\"@id\":\"https:\\\/\\\/www.nervionindustries.com\\\/#\\\/schema\\\/logo\\\/image\\\/\",\"url\":\"https:\\\/\\\/www.nervionindustries.com\\\/wp-content\\\/uploads\\\/2023\\\/11\\\/logo-nervion-2025-png.webp\",\"contentUrl\":\"https:\\\/\\\/www.nervionindustries.com\\\/wp-content\\\/uploads\\\/2023\\\/11\\\/logo-nervion-2025-png.webp\",\"width\":406,\"height\":128,\"caption\":\"Nervion Industries, Engineering & Services, S.L.\"},\"image\":{\"@id\":\"https:\\\/\\\/www.nervionindustries.com\\\/#\\\/schema\\\/logo\\\/image\\\/\"},\"sameAs\":[\"https:\\\/\\\/www.linkedin.com\\\/company\\\/nervion-montajes-y-mantenimientos-s-l-?originalSubdomain=es\"]}]}<\/script>\n<!-- \/ Yoast SEO plugin. -->","yoast_head_json":{"title":"Pol\u00edtica Integrada - Nervi\u00f3n Industries","robots":{"index":"index","follow":"follow","max-snippet":"max-snippet:-1","max-image-preview":"max-image-preview:large","max-video-preview":"max-video-preview:-1"},"canonical":"https:\/\/www.nervionindustries.com\/en\/politica-integrada\/","schema":{"@context":"https:\/\/schema.org","@graph":[{"@type":"WebPage","@id":"https:\/\/www.nervionindustries.com\/politica-integrada\/","url":"https:\/\/www.nervionindustries.com\/politica-integrada\/","name":"Pol\u00edtica Integrada - Nervi\u00f3n Industries","isPartOf":{"@id":"https:\/\/www.nervionindustries.com\/#website"},"primaryImageOfPage":{"@id":"https:\/\/www.nervionindustries.com\/politica-integrada\/#primaryimage"},"image":{"@id":"https:\/\/www.nervionindustries.com\/politica-integrada\/#primaryimage"},"thumbnailUrl":"https:\/\/www.nervionindustries.com\/wp-content\/uploads\/2024\/01\/firma-Antonio-Alfonso.jpg","datePublished":"2024-01-26T09:09:09+00:00","dateModified":"2025-04-28T08:08:56+00:00","breadcrumb":{"@id":"https:\/\/www.nervionindustries.com\/politica-integrada\/#breadcrumb"},"inLanguage":"en-GB","potentialAction":[{"@type":"ReadAction","target":["https:\/\/www.nervionindustries.com\/politica-integrada\/"]}]},{"@type":"ImageObject","inLanguage":"en-GB","@id":"https:\/\/www.nervionindustries.com\/politica-integrada\/#primaryimage","url":"https:\/\/www.nervionindustries.com\/wp-content\/uploads\/2024\/01\/firma-Antonio-Alfonso.jpg","contentUrl":"https:\/\/www.nervionindustries.com\/wp-content\/uploads\/2024\/01\/firma-Antonio-Alfonso.jpg"},{"@type":"BreadcrumbList","@id":"https:\/\/www.nervionindustries.com\/politica-integrada\/#breadcrumb","itemListElement":[{"@type":"ListItem","position":1,"name":"Portada","item":"https:\/\/www.nervionindustries.com\/"},{"@type":"ListItem","position":2,"name":"Pol\u00edtica Integrada"}]},{"@type":"WebSite","@id":"https:\/\/www.nervionindustries.com\/#website","url":"https:\/\/www.nervionindustries.com\/","name":"Nervi\u00f3n Industries","description":"Montajes, mantenimientos e ingenier\u00eda industrial","publisher":{"@id":"https:\/\/www.nervionindustries.com\/#organization"},"potentialAction":[{"@type":"SearchAction","target":{"@type":"EntryPoint","urlTemplate":"https:\/\/www.nervionindustries.com\/?s={search_term_string}"},"query-input":{"@type":"PropertyValueSpecification","valueRequired":true,"valueName":"search_term_string"}}],"inLanguage":"en-GB"},{"@type":"Organization","@id":"https:\/\/www.nervionindustries.com\/#organization","name":"Nervion Industries, Engineering & Services, S.L.","url":"https:\/\/www.nervionindustries.com\/","logo":{"@type":"ImageObject","inLanguage":"en-GB","@id":"https:\/\/www.nervionindustries.com\/#\/schema\/logo\/image\/","url":"https:\/\/www.nervionindustries.com\/wp-content\/uploads\/2023\/11\/logo-nervion-2025-png.webp","contentUrl":"https:\/\/www.nervionindustries.com\/wp-content\/uploads\/2023\/11\/logo-nervion-2025-png.webp","width":406,"height":128,"caption":"Nervion Industries, Engineering & Services, S.L."},"image":{"@id":"https:\/\/www.nervionindustries.com\/#\/schema\/logo\/image\/"},"sameAs":["https:\/\/www.linkedin.com\/company\/nervion-montajes-y-mantenimientos-s-l-?originalSubdomain=es"]}]}},"_links":{"self":[{"href":"https:\/\/www.nervionindustries.com\/en\/wp-json\/wp\/v2\/pages\/5333","targetHints":{"allow":["GET"]}}],"collection":[{"href":"https:\/\/www.nervionindustries.com\/en\/wp-json\/wp\/v2\/pages"}],"about":[{"href":"https:\/\/www.nervionindustries.com\/en\/wp-json\/wp\/v2\/types\/page"}],"author":[{"embeddable":true,"href":"https:\/\/www.nervionindustries.com\/en\/wp-json\/wp\/v2\/users\/10"}],"replies":[{"embeddable":true,"href":"https:\/\/www.nervionindustries.com\/en\/wp-json\/wp\/v2\/comments?post=5333"}],"version-history":[{"count":5,"href":"https:\/\/www.nervionindustries.com\/en\/wp-json\/wp\/v2\/pages\/5333\/revisions"}],"predecessor-version":[{"id":6155,"href":"https:\/\/www.nervionindustries.com\/en\/wp-json\/wp\/v2\/pages\/5333\/revisions\/6155"}],"wp:attachment":[{"href":"https:\/\/www.nervionindustries.com\/en\/wp-json\/wp\/v2\/media?parent=5333"}],"curies":[{"name":"wp","href":"https:\/\/api.w.org\/{rel}","templated":true}]}}