{"id":5316,"date":"2024-01-26T09:04:20","date_gmt":"2024-01-26T09:04:20","guid":{"rendered":"http:\/\/web-nervion.grupoamper.com\/?page_id=5316"},"modified":"2025-04-28T09:55:10","modified_gmt":"2025-04-28T07:55:10","slug":"politica-de-privacidad","status":"publish","type":"page","link":"https:\/\/www.nervionindustries.com\/en\/politica-de-privacidad\/","title":{"rendered":"Privacy Policy"},"content":{"rendered":"\t\t<div data-elementor-type=\"wp-page\" data-elementor-id=\"5316\" class=\"elementor elementor-5316\" data-elementor-post-type=\"page\">\n\t\t\t\t<div class=\"elementor-element elementor-element-46eff9a e-con-full e-flex e-con e-parent\" data-id=\"46eff9a\" data-element_type=\"container\" data-e-type=\"container\" data-settings=\"{&quot;background_background&quot;:&quot;classic&quot;,&quot;sticky&quot;:&quot;top&quot;,&quot;sticky_offset&quot;:71,&quot;position&quot;:&quot;absolute&quot;,&quot;sticky_on&quot;:[&quot;widescreen&quot;,&quot;desktop&quot;,&quot;laptop&quot;,&quot;tablet_extra&quot;,&quot;tablet&quot;,&quot;mobile_extra&quot;,&quot;mobile&quot;],&quot;sticky_effects_offset&quot;:0,&quot;sticky_anchor_link_offset&quot;:0}\">\n\t\t\t\t<\/div>\n\t\t<div class=\"elementor-element elementor-element-426d170 e-flex e-con-boxed e-con e-parent\" data-id=\"426d170\" data-element_type=\"container\" data-e-type=\"container\">\n\t\t\t\t\t<div class=\"e-con-inner\">\n\t\t\t\t<div class=\"elementor-element elementor-element-81967de elementor-widget elementor-widget-text-editor\" data-id=\"81967de\" data-element_type=\"widget\" data-e-type=\"widget\" data-widget_type=\"text-editor.default\">\n\t\t\t\t<div class=\"elementor-widget-container\">\n\t\t\t\t\t\t\t\t\t<h2><strong>1. Responsable del tratamiento<\/strong><\/h2>\n<p>Los datos que el Usuario facilite ser\u00e1n tratados NERVI\u00d3N INDUSTRIES, ENGINEERING AND SERVICES, S.L. con CIF B-48977995 y domicilio en Calle Henao, 5 \u2013 piso 3, Bilbao, 48009, bizkaia (en adelante, el \u201cResponsable\u201d). Puede ponerse en contacto con el responsable a trav\u00e9s de un correo electr\u00f3nico a <a href=\"mailto:secretaria@nervionindustries.com\">secretaria@nervionindustries.com<\/a><\/p>\n<h2><strong>2. Finalidad y legitimaci\u00f3n<\/strong><\/h2>\n<p><span style=\"text-indent: 17.4pt; font-size: 16px;\">Responder a las cuestiones que el interesado haga llegar al Responsable.<\/span><\/p>\n<div>\n<p><u><span lang=\"ES-TRAD\">Plazo de conservaci\u00f3n<\/span><\/u><span lang=\"ES-TRAD\">: Los datos ser\u00e1n tratados hasta resolver la cuesti\u00f3n planteada por el interesado. Tras esto, ser\u00e1n conservados durante 1 a\u00f1o desde la \u00faltima consulta.<\/span><\/p>\n<p><b><span lang=\"ES-TRAD\">Base jur\u00eddica<\/span><\/b><span lang=\"ES-TRAD\">: consentimiento del interesado.<\/span><\/p>\n<ul>\n<li><span lang=\"ES-TRAD\"><span lang=\"ES-TRAD\">Gestionar los comentarios que realice.<\/span><\/span>\n<p><\/p>\n<\/li>\n<\/ul>\n<p><b><span lang=\"ES-TRAD\">Plazo de conservaci\u00f3n<\/span><\/b><span lang=\"ES-TRAD\">: Los datos ser\u00e1n tratados hasta que revoque su consentimiento.<\/span><\/p>\n<p><b><span lang=\"ES-TRAD\">Base jur\u00eddica<\/span><\/b><span lang=\"ES-TRAD\">: consentimiento del interesado.<\/span><\/p>\n<ul>\n<li><span lang=\"ES-TRAD\"><span lang=\"ES-TRAD\">Gestionar la prestaci\u00f3n del servicio contratado.<\/span><\/span>\n<p><\/p>\n<\/li>\n<\/ul>\n<p><b><span lang=\"ES-TRAD\">Plazo de conservaci\u00f3n<\/span><\/b><span lang=\"ES-TRAD\">: Los datos ser\u00e1n conservados los previstos en la legislaci\u00f3n.<\/span><\/p>\n<p><b><span lang=\"ES-TRAD\">Base jur\u00eddica<\/span><\/b><span lang=\"ES-TRAD\">: ejecuci\u00f3n de un contrato.<\/span><\/p>\n<p><span lang=\"ES-TRAD\">Ser\u00e1 necesario que el interesado facilite toda la informaci\u00f3n marcada como obligatoria en los mencionados formularios de recogida de datos para que podamos atender, en cada caso, la solicitud del interesado.<\/span><\/p>\n<\/div>\n<h2><strong>3. Destinatarios de sus datos<\/strong><\/h2>\n<p>Sus datos podr\u00e1n ser cedidos a otras empresas del Grupo o por un requerimiento legal que obligue a comunicar dichos datos a un tercero.<\/p>\n<h2><strong>4. Derechos<\/strong><\/h2>\n<p>Las personas que nos facilitan sus datos gozan de los siguientes derechos en relaci\u00f3n a los mismos:<\/p>\n<ul>\n<li>Derecho de acceso<\/li>\n<li>Derecho de rectificaci\u00f3n o supresi\u00f3n<\/li>\n<li>Derecho a la limitaci\u00f3n del tratamiento<\/li>\n<li>Derecho a la portabilidad<\/li>\n<li>Derecho de oposici\u00f3n<br><br><\/li>\n<\/ul>\n<p>Los Usuarios que lo soliciten pueden en cualquier momento revocar su consentimiento y\/o ejercitar sus derechos. Para ello deber\u00e1 identificarse aportando una copia de su DNI, indicar claramente qu\u00e9 derecho quiere ejercer y remitir un e-mail a la siguiente direcci\u00f3n: <a href=\"mailto:secretaria@nervionindustries.com\">secretaria@nervionindustries.com<\/a><\/p>\n<p>Adicionalmente, le informamos acerca de la posibilidad de presentar una reclamaci\u00f3n ante la Autoridad de Control competente, en este caso, la Agencia Espa\u00f1ola de Protecci\u00f3n de Datos, especialmente, en caso de que no haya obtenido satisfacci\u00f3n en el ejercicio de sus derechos. Dispone de la informaci\u00f3n necesaria en: <a href=\"https:\/\/www.aepd.es\/\">www.aepd.es<\/a><\/p>\n<h2><strong>5. Modificaci\u00f3n de la presente pol\u00edtica de privacidad<\/strong><\/h2>\n<p>NERVI\u00d3N INDUSTRIES, ENGINEERING AND SERVICES, S.L. se reserva el derecho a modificar la presente pol\u00edtica para adaptarla a futuras novedades legislativas o jurisprudenciales, as\u00ed como a pr\u00e1cticas del sector. El Usuario acepta que las modificaciones o cambios que se realicen tendr\u00e1n car\u00e1cter obligatorio y entrar\u00e1n en vigor a partir de la fecha de su publicaci\u00f3n.<\/p>\t\t\t\t\t\t\t\t<\/div>\n\t\t\t\t<\/div>\n\t\t\t\t\t<\/div>\n\t\t\t\t<\/div>\n\t\t\t\t<\/div>\n\t\t","protected":false},"excerpt":{"rendered":"<p>1. Responsable del tratamiento Los datos que el Usuario facilite ser\u00e1n tratados NERVI\u00d3N INDUSTRIES, ENGINEERING AND SERVICES, S.L. con CIF B-48977995 y domicilio en Calle Henao, 5 \u2013 piso 3, Bilbao, 48009, bizkaia (en adelante, el \u201cResponsable\u201d). Puede ponerse en contacto con el responsable a trav\u00e9s de un correo electr\u00f3nico a secretaria@nervionindustries.com 2. Finalidad y [&hellip;]<\/p>\n","protected":false},"author":10,"featured_media":0,"parent":0,"menu_order":0,"comment_status":"closed","ping_status":"closed","template":"","meta":{"footnotes":""},"class_list":["post-5316","page","type-page","status-publish","hentry"],"yoast_head":"<!-- This site is optimized with the Yoast SEO plugin v27.3 - https:\/\/yoast.com\/product\/yoast-seo-wordpress\/ -->\n<title>Pol\u00edtica de Privacidad - Nervi\u00f3n Industries<\/title>\n<meta name=\"robots\" content=\"index, follow, max-snippet:-1, max-image-preview:large, max-video-preview:-1\" \/>\n<link rel=\"canonical\" href=\"https:\/\/www.nervionindustries.com\/en\/politica-de-privacidad\/\" \/>\n<script type=\"application\/ld+json\" class=\"yoast-schema-graph\">{\"@context\":\"https:\\\/\\\/schema.org\",\"@graph\":[{\"@type\":\"WebPage\",\"@id\":\"https:\\\/\\\/www.nervionindustries.com\\\/politica-de-privacidad\\\/\",\"url\":\"https:\\\/\\\/www.nervionindustries.com\\\/politica-de-privacidad\\\/\",\"name\":\"Pol\u00edtica de Privacidad - Nervi\u00f3n Industries\",\"isPartOf\":{\"@id\":\"https:\\\/\\\/www.nervionindustries.com\\\/#website\"},\"datePublished\":\"2024-01-26T09:04:20+00:00\",\"dateModified\":\"2025-04-28T07:55:10+00:00\",\"breadcrumb\":{\"@id\":\"https:\\\/\\\/www.nervionindustries.com\\\/politica-de-privacidad\\\/#breadcrumb\"},\"inLanguage\":\"en-GB\",\"potentialAction\":[{\"@type\":\"ReadAction\",\"target\":[\"https:\\\/\\\/www.nervionindustries.com\\\/politica-de-privacidad\\\/\"]}]},{\"@type\":\"BreadcrumbList\",\"@id\":\"https:\\\/\\\/www.nervionindustries.com\\\/politica-de-privacidad\\\/#breadcrumb\",\"itemListElement\":[{\"@type\":\"ListItem\",\"position\":1,\"name\":\"Portada\",\"item\":\"https:\\\/\\\/www.nervionindustries.com\\\/\"},{\"@type\":\"ListItem\",\"position\":2,\"name\":\"Pol\u00edtica de Privacidad\"}]},{\"@type\":\"WebSite\",\"@id\":\"https:\\\/\\\/www.nervionindustries.com\\\/#website\",\"url\":\"https:\\\/\\\/www.nervionindustries.com\\\/\",\"name\":\"Nervi\u00f3n Industries\",\"description\":\"Montajes, mantenimientos e ingenier\u00eda industrial\",\"publisher\":{\"@id\":\"https:\\\/\\\/www.nervionindustries.com\\\/#organization\"},\"potentialAction\":[{\"@type\":\"SearchAction\",\"target\":{\"@type\":\"EntryPoint\",\"urlTemplate\":\"https:\\\/\\\/www.nervionindustries.com\\\/?s={search_term_string}\"},\"query-input\":{\"@type\":\"PropertyValueSpecification\",\"valueRequired\":true,\"valueName\":\"search_term_string\"}}],\"inLanguage\":\"en-GB\"},{\"@type\":\"Organization\",\"@id\":\"https:\\\/\\\/www.nervionindustries.com\\\/#organization\",\"name\":\"Nervion Industries, Engineering & Services, S.L.\",\"url\":\"https:\\\/\\\/www.nervionindustries.com\\\/\",\"logo\":{\"@type\":\"ImageObject\",\"inLanguage\":\"en-GB\",\"@id\":\"https:\\\/\\\/www.nervionindustries.com\\\/#\\\/schema\\\/logo\\\/image\\\/\",\"url\":\"https:\\\/\\\/www.nervionindustries.com\\\/wp-content\\\/uploads\\\/2023\\\/11\\\/logo-nervion-2025-png.webp\",\"contentUrl\":\"https:\\\/\\\/www.nervionindustries.com\\\/wp-content\\\/uploads\\\/2023\\\/11\\\/logo-nervion-2025-png.webp\",\"width\":406,\"height\":128,\"caption\":\"Nervion Industries, Engineering & Services, S.L.\"},\"image\":{\"@id\":\"https:\\\/\\\/www.nervionindustries.com\\\/#\\\/schema\\\/logo\\\/image\\\/\"},\"sameAs\":[\"https:\\\/\\\/www.linkedin.com\\\/company\\\/nervion-montajes-y-mantenimientos-s-l-?originalSubdomain=es\"]}]}<\/script>\n<!-- \/ Yoast SEO plugin. -->","yoast_head_json":{"title":"Pol\u00edtica de Privacidad - Nervi\u00f3n Industries","robots":{"index":"index","follow":"follow","max-snippet":"max-snippet:-1","max-image-preview":"max-image-preview:large","max-video-preview":"max-video-preview:-1"},"canonical":"https:\/\/www.nervionindustries.com\/en\/politica-de-privacidad\/","schema":{"@context":"https:\/\/schema.org","@graph":[{"@type":"WebPage","@id":"https:\/\/www.nervionindustries.com\/politica-de-privacidad\/","url":"https:\/\/www.nervionindustries.com\/politica-de-privacidad\/","name":"Pol\u00edtica de Privacidad - Nervi\u00f3n Industries","isPartOf":{"@id":"https:\/\/www.nervionindustries.com\/#website"},"datePublished":"2024-01-26T09:04:20+00:00","dateModified":"2025-04-28T07:55:10+00:00","breadcrumb":{"@id":"https:\/\/www.nervionindustries.com\/politica-de-privacidad\/#breadcrumb"},"inLanguage":"en-GB","potentialAction":[{"@type":"ReadAction","target":["https:\/\/www.nervionindustries.com\/politica-de-privacidad\/"]}]},{"@type":"BreadcrumbList","@id":"https:\/\/www.nervionindustries.com\/politica-de-privacidad\/#breadcrumb","itemListElement":[{"@type":"ListItem","position":1,"name":"Portada","item":"https:\/\/www.nervionindustries.com\/"},{"@type":"ListItem","position":2,"name":"Pol\u00edtica de Privacidad"}]},{"@type":"WebSite","@id":"https:\/\/www.nervionindustries.com\/#website","url":"https:\/\/www.nervionindustries.com\/","name":"Nervi\u00f3n Industries","description":"Montajes, mantenimientos e ingenier\u00eda industrial","publisher":{"@id":"https:\/\/www.nervionindustries.com\/#organization"},"potentialAction":[{"@type":"SearchAction","target":{"@type":"EntryPoint","urlTemplate":"https:\/\/www.nervionindustries.com\/?s={search_term_string}"},"query-input":{"@type":"PropertyValueSpecification","valueRequired":true,"valueName":"search_term_string"}}],"inLanguage":"en-GB"},{"@type":"Organization","@id":"https:\/\/www.nervionindustries.com\/#organization","name":"Nervion Industries, Engineering & Services, S.L.","url":"https:\/\/www.nervionindustries.com\/","logo":{"@type":"ImageObject","inLanguage":"en-GB","@id":"https:\/\/www.nervionindustries.com\/#\/schema\/logo\/image\/","url":"https:\/\/www.nervionindustries.com\/wp-content\/uploads\/2023\/11\/logo-nervion-2025-png.webp","contentUrl":"https:\/\/www.nervionindustries.com\/wp-content\/uploads\/2023\/11\/logo-nervion-2025-png.webp","width":406,"height":128,"caption":"Nervion Industries, Engineering & Services, S.L."},"image":{"@id":"https:\/\/www.nervionindustries.com\/#\/schema\/logo\/image\/"},"sameAs":["https:\/\/www.linkedin.com\/company\/nervion-montajes-y-mantenimientos-s-l-?originalSubdomain=es"]}]}},"_links":{"self":[{"href":"https:\/\/www.nervionindustries.com\/en\/wp-json\/wp\/v2\/pages\/5316","targetHints":{"allow":["GET"]}}],"collection":[{"href":"https:\/\/www.nervionindustries.com\/en\/wp-json\/wp\/v2\/pages"}],"about":[{"href":"https:\/\/www.nervionindustries.com\/en\/wp-json\/wp\/v2\/types\/page"}],"author":[{"embeddable":true,"href":"https:\/\/www.nervionindustries.com\/en\/wp-json\/wp\/v2\/users\/10"}],"replies":[{"embeddable":true,"href":"https:\/\/www.nervionindustries.com\/en\/wp-json\/wp\/v2\/comments?post=5316"}],"version-history":[{"count":9,"href":"https:\/\/www.nervionindustries.com\/en\/wp-json\/wp\/v2\/pages\/5316\/revisions"}],"predecessor-version":[{"id":6150,"href":"https:\/\/www.nervionindustries.com\/en\/wp-json\/wp\/v2\/pages\/5316\/revisions\/6150"}],"wp:attachment":[{"href":"https:\/\/www.nervionindustries.com\/en\/wp-json\/wp\/v2\/media?parent=5316"}],"curies":[{"name":"wp","href":"https:\/\/api.w.org\/{rel}","templated":true}]}}