{"id":356,"date":"2023-11-17T10:11:51","date_gmt":"2023-11-17T10:11:51","guid":{"rendered":"http:\/\/web-nervion.grupoamper.com\/?page_id=356"},"modified":"2024-02-02T07:49:11","modified_gmt":"2024-02-02T07:49:11","slug":"trabaja-con-nosotros","status":"publish","type":"page","link":"https:\/\/www.nervionindustries.com\/en\/trabaja-con-nosotros\/","title":{"rendered":"Work With Us"},"content":{"rendered":"<div data-elementor-type=\"wp-page\" data-elementor-id=\"356\" class=\"elementor elementor-356\" data-elementor-post-type=\"page\">\n\t\t\t\t<div class=\"elementor-element elementor-element-4f61ce4 e-flex e-con-boxed e-con e-parent\" data-id=\"4f61ce4\" data-element_type=\"container\" data-e-type=\"container\" data-settings=\"{&quot;background_background&quot;:&quot;classic&quot;}\">\n\t\t\t\t\t<div class=\"e-con-inner\">\n\t\t<div class=\"elementor-element elementor-element-6961544 e-flex e-con-boxed e-con e-child\" data-id=\"6961544\" data-element_type=\"container\" data-e-type=\"container\">\n\t\t\t\t\t<div class=\"e-con-inner\">\n\t\t<div class=\"elementor-element elementor-element-9d47a52 e-flex e-con-boxed e-con e-child\" data-id=\"9d47a52\" data-element_type=\"container\" data-e-type=\"container\">\n\t\t\t\t\t<div class=\"e-con-inner\">\n\t\t\t\t<div class=\"elementor-element elementor-element-694e1cd elementor-widget elementor-widget-heading\" data-id=\"694e1cd\" data-element_type=\"widget\" data-e-type=\"widget\" data-widget_type=\"heading.default\">\n\t\t\t\t<div class=\"elementor-widget-container\">\n\t\t\t\t\t<h2 class=\"elementor-heading-title elementor-size-default\">BECOME PART OF <br> NERVI\u00d3N<\/h2>\t\t\t\t<\/div>\n\t\t\t\t<\/div>\n\t\t\t\t\t<\/div>\n\t\t\t\t<\/div>\n\t\t<div class=\"elementor-element elementor-element-29a118a e-con-full e-flex e-con e-child\" data-id=\"29a118a\" data-element_type=\"container\" data-e-type=\"container\" data-settings=\"{&quot;background_background&quot;:&quot;classic&quot;}\">\n\t\t<div class=\"elementor-element elementor-element-c7e03f6 e-flex e-con-boxed e-con e-child\" data-id=\"c7e03f6\" data-element_type=\"container\" data-e-type=\"container\">\n\t\t\t\t\t<div class=\"e-con-inner\">\n\t\t\t\t<div class=\"elementor-element elementor-element-5880f57 elementor-widget elementor-widget-text-editor\" data-id=\"5880f57\" data-element_type=\"widget\" data-e-type=\"widget\" data-widget_type=\"text-editor.default\">\n\t\t\t\t<div class=\"elementor-widget-container\">\n\t\t\t\t\t\t\t\t\t<p style=\"text-align: center;\">Here you will find the active job offers<\/p>\t\t\t\t\t\t\t\t<\/div>\n\t\t\t\t<\/div>\n\t\t\t\t\t<\/div>\n\t\t\t\t<\/div>\n\t\t\t\t<div class=\"elementor-element elementor-element-10dcabd elementor-align-center elementor-widget elementor-widget-button\" data-id=\"10dcabd\" data-element_type=\"widget\" data-e-type=\"widget\" data-widget_type=\"button.default\">\n\t\t\t\t<div class=\"elementor-widget-container\">\n\t\t\t\t\t\t\t\t\t<div class=\"elementor-button-wrapper\">\n\t\t\t\t\t<a class=\"elementor-button elementor-button-link elementor-size-md\" href=\"https:\/\/nervion.epreselec.com\/Ofertas\/Ofertas.aspx\" target=\"_blank\">\n\t\t\t\t\t\t<span class=\"elementor-button-content-wrapper\">\n\t\t\t\t\t\t<span class=\"elementor-button-icon\">\n\t\t\t\t<i aria-hidden=\"true\" class=\"fas fa-angle-right\"><\/i>\t\t\t<\/span>\n\t\t\t\t\t\t\t\t\t<span class=\"elementor-button-text\">Click here<\/span>\n\t\t\t\t\t<\/span>\n\t\t\t\t\t<\/a>\n\t\t\t\t<\/div>\n\t\t\t\t\t\t\t\t<\/div>\n\t\t\t\t<\/div>\n\t\t\t\t<\/div>\n\t\t<div class=\"elementor-element elementor-element-77a9dd5 e-con-full e-flex e-con e-child\" data-id=\"77a9dd5\" data-element_type=\"container\" data-e-type=\"container\" data-settings=\"{&quot;background_background&quot;:&quot;classic&quot;}\">\n\t\t<div class=\"elementor-element elementor-element-650818e e-flex e-con-boxed e-con e-child\" data-id=\"650818e\" data-element_type=\"container\" data-e-type=\"container\">\n\t\t\t\t\t<div class=\"e-con-inner\">\n\t\t\t\t<div class=\"elementor-element elementor-element-4e7d0e3 elementor-widget elementor-widget-text-editor\" data-id=\"4e7d0e3\" data-element_type=\"widget\" data-e-type=\"widget\" data-widget_type=\"text-editor.default\">\n\t\t\t\t<div class=\"elementor-widget-container\">\n\t\t\t\t\t\t\t\t\t<p style=\"text-align: center;\">If you want to work with us, send us your CV<\/p>\t\t\t\t\t\t\t\t<\/div>\n\t\t\t\t<\/div>\n\t\t\t\t\t<\/div>\n\t\t\t\t<\/div>\n\t\t\t\t<div class=\"elementor-element elementor-element-624674d elementor-align-center elementor-widget elementor-widget-button\" data-id=\"624674d\" data-element_type=\"widget\" data-e-type=\"widget\" data-widget_type=\"button.default\">\n\t\t\t\t<div class=\"elementor-widget-container\">\n\t\t\t\t\t\t\t\t\t<div class=\"elementor-button-wrapper\">\n\t\t\t\t\t<a class=\"elementor-button elementor-button-link elementor-size-md\" href=\"https:\/\/nervion.epreselec.com\/?id_origen=web+corporativa\" target=\"_blank\">\n\t\t\t\t\t\t<span class=\"elementor-button-content-wrapper\">\n\t\t\t\t\t\t<span class=\"elementor-button-icon\">\n\t\t\t\t<i aria-hidden=\"true\" class=\"fas fa-angle-right\"><\/i>\t\t\t<\/span>\n\t\t\t\t\t\t\t\t\t<span class=\"elementor-button-text\">Send us your CV<\/span>\n\t\t\t\t\t<\/span>\n\t\t\t\t\t<\/a>\n\t\t\t\t<\/div>\n\t\t\t\t\t\t\t\t<\/div>\n\t\t\t\t<\/div>\n\t\t\t\t<\/div>\n\t\t\t\t\t<\/div>\n\t\t\t\t<\/div>\n\t\t\t\t\t<\/div>\n\t\t\t\t<\/div>\n\t\t\t\t<\/div>","protected":false},"excerpt":{"rendered":"<p>SE PARTE DE NERVI\u00d3N Aqu\u00ed encontrar\u00e1s las ofertas de empleo activas Haz clic aqu\u00ed Si quieres trabajar con nosotros, env\u00edanos tu CV Env\u00edanos TU CV<\/p>","protected":false},"author":10,"featured_media":0,"parent":0,"menu_order":0,"comment_status":"closed","ping_status":"closed","template":"elementor_header_footer","meta":{"footnotes":""},"class_list":["post-356","page","type-page","status-publish","hentry"],"yoast_head":"<!-- This site is optimized with the Yoast SEO plugin v27.3 - https:\/\/yoast.com\/product\/yoast-seo-wordpress\/ -->\n<title>Trabaja con Nosotros - Nervi\u00f3n Industries<\/title>\n<meta name=\"robots\" content=\"index, follow, max-snippet:-1, max-image-preview:large, max-video-preview:-1\" \/>\n<link rel=\"canonical\" href=\"https:\/\/www.nervionindustries.com\/en\/trabaja-con-nosotros\/\" \/>\n<script type=\"application\/ld+json\" class=\"yoast-schema-graph\">{\"@context\":\"https:\\\/\\\/schema.org\",\"@graph\":[{\"@type\":\"WebPage\",\"@id\":\"https:\\\/\\\/www.nervionindustries.com\\\/trabaja-con-nosotros\\\/\",\"url\":\"https:\\\/\\\/www.nervionindustries.com\\\/trabaja-con-nosotros\\\/\",\"name\":\"Trabaja con Nosotros - Nervi\u00f3n Industries\",\"isPartOf\":{\"@id\":\"https:\\\/\\\/www.nervionindustries.com\\\/#website\"},\"datePublished\":\"2023-11-17T10:11:51+00:00\",\"dateModified\":\"2024-02-02T07:49:11+00:00\",\"breadcrumb\":{\"@id\":\"https:\\\/\\\/www.nervionindustries.com\\\/trabaja-con-nosotros\\\/#breadcrumb\"},\"inLanguage\":\"en-GB\",\"potentialAction\":[{\"@type\":\"ReadAction\",\"target\":[\"https:\\\/\\\/www.nervionindustries.com\\\/trabaja-con-nosotros\\\/\"]}]},{\"@type\":\"BreadcrumbList\",\"@id\":\"https:\\\/\\\/www.nervionindustries.com\\\/trabaja-con-nosotros\\\/#breadcrumb\",\"itemListElement\":[{\"@type\":\"ListItem\",\"position\":1,\"name\":\"Portada\",\"item\":\"https:\\\/\\\/www.nervionindustries.com\\\/\"},{\"@type\":\"ListItem\",\"position\":2,\"name\":\"Trabaja con Nosotros\"}]},{\"@type\":\"WebSite\",\"@id\":\"https:\\\/\\\/www.nervionindustries.com\\\/#website\",\"url\":\"https:\\\/\\\/www.nervionindustries.com\\\/\",\"name\":\"Nervi\u00f3n Industries\",\"description\":\"Montajes, mantenimientos e ingenier\u00eda industrial\",\"publisher\":{\"@id\":\"https:\\\/\\\/www.nervionindustries.com\\\/#organization\"},\"potentialAction\":[{\"@type\":\"SearchAction\",\"target\":{\"@type\":\"EntryPoint\",\"urlTemplate\":\"https:\\\/\\\/www.nervionindustries.com\\\/?s={search_term_string}\"},\"query-input\":{\"@type\":\"PropertyValueSpecification\",\"valueRequired\":true,\"valueName\":\"search_term_string\"}}],\"inLanguage\":\"en-GB\"},{\"@type\":\"Organization\",\"@id\":\"https:\\\/\\\/www.nervionindustries.com\\\/#organization\",\"name\":\"Nervion Industries, Engineering & Services, S.L.\",\"url\":\"https:\\\/\\\/www.nervionindustries.com\\\/\",\"logo\":{\"@type\":\"ImageObject\",\"inLanguage\":\"en-GB\",\"@id\":\"https:\\\/\\\/www.nervionindustries.com\\\/#\\\/schema\\\/logo\\\/image\\\/\",\"url\":\"https:\\\/\\\/www.nervionindustries.com\\\/wp-content\\\/uploads\\\/2023\\\/11\\\/logo-nervion-2025-png.webp\",\"contentUrl\":\"https:\\\/\\\/www.nervionindustries.com\\\/wp-content\\\/uploads\\\/2023\\\/11\\\/logo-nervion-2025-png.webp\",\"width\":406,\"height\":128,\"caption\":\"Nervion Industries, Engineering & Services, S.L.\"},\"image\":{\"@id\":\"https:\\\/\\\/www.nervionindustries.com\\\/#\\\/schema\\\/logo\\\/image\\\/\"},\"sameAs\":[\"https:\\\/\\\/www.linkedin.com\\\/company\\\/nervion-montajes-y-mantenimientos-s-l-?originalSubdomain=es\"]}]}<\/script>\n<!-- \/ Yoast SEO plugin. -->","yoast_head_json":{"title":"Trabaja con Nosotros - Nervi\u00f3n Industries","robots":{"index":"index","follow":"follow","max-snippet":"max-snippet:-1","max-image-preview":"max-image-preview:large","max-video-preview":"max-video-preview:-1"},"canonical":"https:\/\/www.nervionindustries.com\/en\/trabaja-con-nosotros\/","schema":{"@context":"https:\/\/schema.org","@graph":[{"@type":"WebPage","@id":"https:\/\/www.nervionindustries.com\/trabaja-con-nosotros\/","url":"https:\/\/www.nervionindustries.com\/trabaja-con-nosotros\/","name":"Trabaja con Nosotros - Nervi\u00f3n Industries","isPartOf":{"@id":"https:\/\/www.nervionindustries.com\/#website"},"datePublished":"2023-11-17T10:11:51+00:00","dateModified":"2024-02-02T07:49:11+00:00","breadcrumb":{"@id":"https:\/\/www.nervionindustries.com\/trabaja-con-nosotros\/#breadcrumb"},"inLanguage":"en-GB","potentialAction":[{"@type":"ReadAction","target":["https:\/\/www.nervionindustries.com\/trabaja-con-nosotros\/"]}]},{"@type":"BreadcrumbList","@id":"https:\/\/www.nervionindustries.com\/trabaja-con-nosotros\/#breadcrumb","itemListElement":[{"@type":"ListItem","position":1,"name":"Portada","item":"https:\/\/www.nervionindustries.com\/"},{"@type":"ListItem","position":2,"name":"Trabaja con Nosotros"}]},{"@type":"WebSite","@id":"https:\/\/www.nervionindustries.com\/#website","url":"https:\/\/www.nervionindustries.com\/","name":"Nervi\u00f3n Industries","description":"Montajes, mantenimientos e ingenier\u00eda industrial","publisher":{"@id":"https:\/\/www.nervionindustries.com\/#organization"},"potentialAction":[{"@type":"SearchAction","target":{"@type":"EntryPoint","urlTemplate":"https:\/\/www.nervionindustries.com\/?s={search_term_string}"},"query-input":{"@type":"PropertyValueSpecification","valueRequired":true,"valueName":"search_term_string"}}],"inLanguage":"en-GB"},{"@type":"Organization","@id":"https:\/\/www.nervionindustries.com\/#organization","name":"Nervion Industries, Engineering & Services, S.L.","url":"https:\/\/www.nervionindustries.com\/","logo":{"@type":"ImageObject","inLanguage":"en-GB","@id":"https:\/\/www.nervionindustries.com\/#\/schema\/logo\/image\/","url":"https:\/\/www.nervionindustries.com\/wp-content\/uploads\/2023\/11\/logo-nervion-2025-png.webp","contentUrl":"https:\/\/www.nervionindustries.com\/wp-content\/uploads\/2023\/11\/logo-nervion-2025-png.webp","width":406,"height":128,"caption":"Nervion Industries, Engineering & Services, S.L."},"image":{"@id":"https:\/\/www.nervionindustries.com\/#\/schema\/logo\/image\/"},"sameAs":["https:\/\/www.linkedin.com\/company\/nervion-montajes-y-mantenimientos-s-l-?originalSubdomain=es"]}]}},"_links":{"self":[{"href":"https:\/\/www.nervionindustries.com\/en\/wp-json\/wp\/v2\/pages\/356","targetHints":{"allow":["GET"]}}],"collection":[{"href":"https:\/\/www.nervionindustries.com\/en\/wp-json\/wp\/v2\/pages"}],"about":[{"href":"https:\/\/www.nervionindustries.com\/en\/wp-json\/wp\/v2\/types\/page"}],"author":[{"embeddable":true,"href":"https:\/\/www.nervionindustries.com\/en\/wp-json\/wp\/v2\/users\/10"}],"replies":[{"embeddable":true,"href":"https:\/\/www.nervionindustries.com\/en\/wp-json\/wp\/v2\/comments?post=356"}],"version-history":[{"count":0,"href":"https:\/\/www.nervionindustries.com\/en\/wp-json\/wp\/v2\/pages\/356\/revisions"}],"wp:attachment":[{"href":"https:\/\/www.nervionindustries.com\/en\/wp-json\/wp\/v2\/media?parent=356"}],"curies":[{"name":"wp","href":"https:\/\/api.w.org\/{rel}","templated":true}]}}